{"id":411,"date":"2016-07-18T18:49:10","date_gmt":"2016-07-18T16:49:10","guid":{"rendered":"http:\/\/195.34.138.28\/?page_id=411"},"modified":"2023-07-11T02:29:54","modified_gmt":"2023-07-11T00:29:54","slug":"ranglisten-2","status":"publish","type":"page","link":"https:\/\/www.ttc-olympic.at\/index.php\/ranglisten-2\/","title":{"rendered":"Ranglisten"},"content":{"rendered":"<p style=\"text-align: center;\">Der Tischtennisclub Olympic Wien ist Mitglied bei den Sportverb\u00e4nden:<\/p>\n<p style=\"text-align: center;\"><a href=\"http:\/\/wttv.at\/\" target=\"_blank\" rel=\"noopener\">WTTV- Wiener Tischtennisverband<\/a><\/p>\n<p style=\"text-align: center;\">=Mitglied des\u00a0 <a href=\"http:\/\/www.oettv.org\/de\" target=\"_blank\" rel=\"noopener\">\u00d6TTV- \u00d6sterreichischer Tischtennis Verband<\/a><\/p>\n<p style=\"text-align: center;\">und<\/p>\n<p style=\"text-align: center;\"><a href=\"http:\/\/voeb-tt.at\/online\/\" target=\"_blank\" rel=\"noopener\">V\u00d6B- Verband \u00d6ffentlich Bediensteter<\/a>\/ Sektion Tischtennis<\/p>\n<p style=\"text-align: center;\">\n<p style=\"text-align: center;\">Wir nehmen daher, als einer von ganz wenigen Wiener Tischtennisvereinen an 2 Meisterschaftsbewerben teil.<\/p>\n<p style=\"text-align: center;\"><a href=\"http:\/\/www.ttc-olympic.at\/index.php\/ranglisten-2\/ranglisten\/\">Rangliste der Olympic Spielerinnen und Spieler beim WTTV<\/a><\/p>\n<p style=\"text-align: center;\"><a href=\"http:\/\/www.ttc-olympic.at\/index.php\/ranglisten-2\/rangliste-voeb\/\">Rangliste der Olympic Spielerinnen und Spieler im V\u00d6B<\/a><\/p>\n","protected":false},"excerpt":{"rendered":"<div class=\"mh-excerpt\"><p>Der Tischtennisclub Olympic Wien ist Mitglied bei den Sportverb\u00e4nden: WTTV- Wiener Tischtennisverband =Mitglied des\u00a0 \u00d6TTV- \u00d6sterreichischer Tischtennis Verband und V\u00d6B- Verband \u00d6ffentlich Bediensteter\/ Sektion Tischtennis <a class=\"mh-excerpt-more\" href=\"https:\/\/www.ttc-olympic.at\/index.php\/ranglisten-2\/\" title=\"Ranglisten\">[&#8230;]<\/a><\/p>\n<\/div>","protected":false},"author":2,"featured_media":0,"parent":0,"menu_order":0,"comment_status":"closed","ping_status":"closed","template":"","meta":{"_sitemap_exclude":false,"_sitemap_priority":"","_sitemap_frequency":"","footnotes":""},"class_list":["post-411","page","type-page","status-publish","hentry"],"_links":{"self":[{"href":"https:\/\/www.ttc-olympic.at\/index.php\/wp-json\/wp\/v2\/pages\/411","targetHints":{"allow":["GET"]}}],"collection":[{"href":"https:\/\/www.ttc-olympic.at\/index.php\/wp-json\/wp\/v2\/pages"}],"about":[{"href":"https:\/\/www.ttc-olympic.at\/index.php\/wp-json\/wp\/v2\/types\/page"}],"author":[{"embeddable":true,"href":"https:\/\/www.ttc-olympic.at\/index.php\/wp-json\/wp\/v2\/users\/2"}],"replies":[{"embeddable":true,"href":"https:\/\/www.ttc-olympic.at\/index.php\/wp-json\/wp\/v2\/comments?post=411"}],"version-history":[{"count":11,"href":"https:\/\/www.ttc-olympic.at\/index.php\/wp-json\/wp\/v2\/pages\/411\/revisions"}],"predecessor-version":[{"id":2473,"href":"https:\/\/www.ttc-olympic.at\/index.php\/wp-json\/wp\/v2\/pages\/411\/revisions\/2473"}],"wp:attachment":[{"href":"https:\/\/www.ttc-olympic.at\/index.php\/wp-json\/wp\/v2\/media?parent=411"}],"curies":[{"name":"wp","href":"https:\/\/api.w.org\/{rel}","templated":true}]}}