{"id":388,"date":"2016-07-13T10:17:37","date_gmt":"2016-07-13T08:17:37","guid":{"rendered":"http:\/\/195.34.138.28\/?page_id=388"},"modified":"2025-02-01T16:15:26","modified_gmt":"2025-02-01T15:15:26","slug":"prezentacja-polski","status":"publish","type":"page","link":"https:\/\/www.ttc-olympic.at\/index.php\/neulinge-de\/prezentacja-polski\/","title":{"rendered":"Prezentacja (Polski)"},"content":{"rendered":"<p style=\"text-align: center;\"><span lang=\"pl-PL\">Wi\u0119cej informacji na temat naszego Klubu Tenisa Sto\u0142owego i jego osi\u0105gni\u0119\u0107 mo\u017cna uzyska\u0107 drog\u0105 telefoniczn\u0105 lub mejlow\u0105. <\/span><\/p>\n<p style=\"text-align: center;\" align=\"center\"><span lang=\"pl-PL\">+++Tenis sto\u0142owy w Wiedniu: TTC Olympic !!! +++<\/span><\/p>\n<p style=\"text-align: center;\" align=\"center\"><img loading=\"lazy\" decoding=\"async\" class=\"aligncenter size-full wp-image-444\" src=\"https:\/\/www.ttc-olympic.at\/wp-content\/uploads\/2016\/07\/poland.png\" alt=\"poland\" width=\"80\" height=\"50\" \/><\/p>\n<p style=\"text-align: center;\" align=\"center\"><span lang=\"pl-PL\"><strong>TTC OLYMPIC to wiede\u0144ski Klub Tenisa Sto\u0142owego skierowany do graczy w ka\u017cdym wieku i na r\u00f3\u017cnych poziomach zaawansowania. W naszym Klubie gra w tenisa sto\u0142owego to \u015bwietna zabawa. TTC Olympic skupia zar\u00f3wno wielu zawodnik\u00f3w graj\u0105cych wyczynowo, jak i tych, dla kt\u00f3rych tenis sto\u0142owy to hobby.<\/strong> <\/span><span lang=\"pl-PL\"><br \/>\n<\/span><\/p>\n<p style=\"text-align: left;\"><span lang=\"pl-PL\">W\u015br\u00f3d cz\u0142onk\u00f3w naszego Klubu s\u0105 gracze w ka\u017cdym wieku. Z\u00a0wielk\u0105 przyjemno\u015bci\u0105 wci\u0105\u017c mo\u017cemy poszczyci\u0107 si\u0119 liczn\u0105 m\u0142od\u0105 kadr\u0105 tenisa sto\u0142owego. W naszych atrakcyjnych halach sportowych trenuje r\u00f3wnie\u017c wielu senior\u00f3w. <\/span><\/p>\n<p style=\"text-align: left;\"><span lang=\"pl-PL\">Ponadto przez kilka lat brali\u015bmy udzia\u0142 w wielu rozgrywkach na poziomie Bundesligi, a dwa sezony (2001\/02 i 2002\/03) r\u00f3wnie\u017c na szczeblu mi\u0119dzynarodowej Superligi Kobiet. Gracze TTC Olympic stan\u0119li nawet przed szans\u0105 zdobycia dw\u00f3ch Z\u0141OTYCH medali na Mistrzostwach Europy Junior\u00f3w!<\/span><\/p>\n<p style=\"text-align: left;\"><span lang=\"pl-PL\">Nasz Klub dysponuje \u0142\u0105cznie trzema r\u00f3\u017cnymi, bardzo \u0142adnymi halami sportowymi z\u00a0oko\u0142o 30 sto\u0142ami. <\/span><\/p>\n<p style=\"text-align: left;\"><span lang=\"pl-PL\">W przypadku jakichkolwiek pyta\u0144 prosimy o wype\u0142nienie poni\u017cszego formularza.<\/span><\/p>\n<p style=\"text-align: left;\">\u00a0\n<div class=\"wpcf7 no-js\" id=\"wpcf7-f390-o1\" lang=\"de-DE\" dir=\"ltr\" data-wpcf7-id=\"390\">\n<div class=\"screen-reader-response\"><p role=\"status\" aria-live=\"polite\" aria-atomic=\"true\"><\/p> <ul><\/ul><\/div>\n<form action=\"\/index.php\/wp-json\/wp\/v2\/pages\/388#wpcf7-f390-o1\" method=\"post\" class=\"wpcf7-form init\" aria-label=\"Kontaktformular\" novalidate=\"novalidate\" data-status=\"init\">\n<fieldset class=\"hidden-fields-container\"><input type=\"hidden\" name=\"_wpcf7\" value=\"390\" \/><input type=\"hidden\" name=\"_wpcf7_version\" value=\"6.1.2\" \/><input type=\"hidden\" name=\"_wpcf7_locale\" value=\"de_DE\" \/><input type=\"hidden\" name=\"_wpcf7_unit_tag\" value=\"wpcf7-f390-o1\" \/><input type=\"hidden\" name=\"_wpcf7_container_post\" value=\"0\" \/><input type=\"hidden\" name=\"_wpcf7_posted_data_hash\" value=\"\" \/><input type=\"hidden\" name=\"_wpcf7_recaptcha_response\" value=\"\" \/>\n<\/fieldset>\n<p>Pani\/Pana imi\u0119 i nazwisko (pole obowi\u0105zkowe)\n<\/p>\n<p><span class=\"wpcf7-form-control-wrap\" data-name=\"your-name\"><input size=\"40\" maxlength=\"400\" class=\"wpcf7-form-control wpcf7-text wpcf7-validates-as-required\" aria-required=\"true\" aria-invalid=\"false\" value=\"\" type=\"text\" name=\"your-name\" \/><\/span>\n<\/p>\n<p>Pani\/Pana adres e-mail (pole obowi\u0105zkowe)\n<\/p>\n<p><span class=\"wpcf7-form-control-wrap\" data-name=\"your-email\"><input size=\"40\" maxlength=\"400\" class=\"wpcf7-form-control wpcf7-email wpcf7-validates-as-required wpcf7-text wpcf7-validates-as-email\" aria-required=\"true\" aria-invalid=\"false\" value=\"\" type=\"email\" name=\"your-email\" \/><\/span>\n<\/p>\n<p>Pani\/Pana numer telefonu (je\u015bli wyra\u017ca Pani\/Pan ch\u0119\u0107 nawi\u0105zania kontaktu telefonicznego)\n<\/p>\n<p><span class=\"wpcf7-form-control-wrap\" data-name=\"your-phone\"><input size=\"40\" maxlength=\"400\" class=\"wpcf7-form-control wpcf7-tel wpcf7-text wpcf7-validates-as-tel\" aria-invalid=\"false\" value=\"\" type=\"tel\" name=\"your-phone\" \/><\/span>\n<\/p>\n<p>Pani\/Pana wiadomo\u015b\u0107\n<\/p>\n<p><span class=\"wpcf7-form-control-wrap\" data-name=\"your-message\"><textarea cols=\"40\" rows=\"10\" maxlength=\"2000\" class=\"wpcf7-form-control wpcf7-textarea\" aria-invalid=\"false\" name=\"your-message\"><\/textarea><\/span>\n<\/p>\n<p><input class=\"wpcf7-form-control wpcf7-submit has-spinner\" type=\"submit\" value=\"Wy\u015blij\" \/>\n<\/p><p style=\"display: none !important;\" class=\"akismet-fields-container\" data-prefix=\"_wpcf7_ak_\"><label>&#916;<textarea name=\"_wpcf7_ak_hp_textarea\" cols=\"45\" rows=\"8\" maxlength=\"100\"><\/textarea><\/label><input type=\"hidden\" id=\"ak_js_1\" name=\"_wpcf7_ak_js\" value=\"148\"\/><script>document.getElementById( \"ak_js_1\" ).setAttribute( \"value\", ( new Date() ).getTime() );<\/script><\/p><div class=\"wpcf7-response-output\" aria-hidden=\"true\"><\/div>\n<\/form>\n<\/div>\n<\/p>\n","protected":false},"excerpt":{"rendered":"<div class=\"mh-excerpt\"><p>Wi\u0119cej informacji na temat naszego Klubu Tenisa Sto\u0142owego i jego osi\u0105gni\u0119\u0107 mo\u017cna uzyska\u0107 drog\u0105 telefoniczn\u0105 lub mejlow\u0105. +++Tenis sto\u0142owy w Wiedniu: TTC Olympic !!! +++ <a class=\"mh-excerpt-more\" href=\"https:\/\/www.ttc-olympic.at\/index.php\/neulinge-de\/prezentacja-polski\/\" title=\"Prezentacja (Polski)\">[&#8230;]<\/a><\/p>\n<\/div>","protected":false},"author":1,"featured_media":0,"parent":262,"menu_order":0,"comment_status":"closed","ping_status":"closed","template":"","meta":{"_sitemap_exclude":false,"_sitemap_priority":"","_sitemap_frequency":"","footnotes":""},"class_list":["post-388","page","type-page","status-publish","hentry"],"_links":{"self":[{"href":"https:\/\/www.ttc-olympic.at\/index.php\/wp-json\/wp\/v2\/pages\/388","targetHints":{"allow":["GET"]}}],"collection":[{"href":"https:\/\/www.ttc-olympic.at\/index.php\/wp-json\/wp\/v2\/pages"}],"about":[{"href":"https:\/\/www.ttc-olympic.at\/index.php\/wp-json\/wp\/v2\/types\/page"}],"author":[{"embeddable":true,"href":"https:\/\/www.ttc-olympic.at\/index.php\/wp-json\/wp\/v2\/users\/1"}],"replies":[{"embeddable":true,"href":"https:\/\/www.ttc-olympic.at\/index.php\/wp-json\/wp\/v2\/comments?post=388"}],"version-history":[{"count":5,"href":"https:\/\/www.ttc-olympic.at\/index.php\/wp-json\/wp\/v2\/pages\/388\/revisions"}],"predecessor-version":[{"id":3336,"href":"https:\/\/www.ttc-olympic.at\/index.php\/wp-json\/wp\/v2\/pages\/388\/revisions\/3336"}],"up":[{"embeddable":true,"href":"https:\/\/www.ttc-olympic.at\/index.php\/wp-json\/wp\/v2\/pages\/262"}],"wp:attachment":[{"href":"https:\/\/www.ttc-olympic.at\/index.php\/wp-json\/wp\/v2\/media?parent=388"}],"curies":[{"name":"wp","href":"https:\/\/api.w.org\/{rel}","templated":true}]}}