{"id":352,"date":"2016-07-08T12:16:51","date_gmt":"2016-07-08T10:16:51","guid":{"rendered":"http:\/\/195.34.138.28\/?page_id=352"},"modified":"2025-02-01T16:15:16","modified_gmt":"2025-02-01T15:15:16","slug":"prezentacija-srpski","status":"publish","type":"page","link":"https:\/\/www.ttc-olympic.at\/index.php\/neulinge-de\/prezentacija-srpski\/","title":{"rendered":"Prezentacija (srpski)"},"content":{"rendered":"<p style=\"text-align: center;\">Vi\u0161e informacija o na\u0161em uspe\u0161nom Stonoteniski klub, ima telefon ili putem po\u0161te.<\/p>\n<p style=\"text-align: center;\">+++ Stoni tenis Be\u010d: TTC Olimpijski !!! +++<\/p>\n<p style=\"text-align: center;\"><img loading=\"lazy\" decoding=\"async\" class=\"aligncenter size-full wp-image-445\" src=\"https:\/\/www.ttc-olympic.at\/wp-content\/uploads\/2016\/07\/serbia.png\" alt=\"serbia\" width=\"75\" height=\"50\" \/><\/p>\n<p style=\"text-align: center;\"><strong>The TTC Olimpijskog stoni tenis klub u Be\u010du je za mlade i stare.<\/strong><br \/>\n<strong>Igra\u010di svih uzrasta i nivoa znanja su u na\u0161em udru\u017eenju, i ima (uglavnom mnogo) zabave na ostvarivanje ovog sporta.<\/strong><br \/>\n<strong>Kada je predstavljeno TTC olimpijski stoni tenis profesionalni sport, kao tako\u0111e stoni tenis hobi sport so svaki brojnim timovima.<\/strong><\/p>\n<p>Me\u0111u na\u0161im \u010dlanovima igra\u010dima \/ u prona\u0111e na\u010din svih uzrasta. Sre\u0107om, su na ameri\u010dko ve\u0107 tradicionalne jo\u0161 mnogo stoni tenis mladih igra\u010da, ali i zBzahlreiche seniori ve\u017ebaju sport u na\u0161e prelepe dvorane.<\/p>\n<p>Usput, uspeli smo da za nekoliko godina u raznim nacionalnim ligama, i 2 sezone \u010dak u me\u0111unarodnoj \u017eenske Super lige (2001\/02 i \u010dak 2002\/03) plai. Pored toga, mo\u017ee da igra\u010di \/ unutar TTC olimpijskog ve\u0107 2 zlatne medalje pobeda evropskih prvenstava u mladosti!<\/p>\n<p>Sve u svemu, na\u0161 klub 3 su lokalni razli\u010dite lepe sportske hale, sa ukupno oko 30 stolova za stoni tenis na raspolaganju.<\/p>\n<p>Da postavim pitanje pitamo slede\u0107i oblik.<\/p>\n\n<div class=\"wpcf7 no-js\" id=\"wpcf7-f358-o1\" lang=\"de-DE\" dir=\"ltr\" data-wpcf7-id=\"358\">\n<div class=\"screen-reader-response\"><p role=\"status\" aria-live=\"polite\" aria-atomic=\"true\"><\/p> <ul><\/ul><\/div>\n<form action=\"\/index.php\/wp-json\/wp\/v2\/pages\/352#wpcf7-f358-o1\" method=\"post\" class=\"wpcf7-form init\" aria-label=\"Kontaktformular\" novalidate=\"novalidate\" data-status=\"init\">\n<fieldset class=\"hidden-fields-container\"><input type=\"hidden\" name=\"_wpcf7\" value=\"358\" \/><input type=\"hidden\" name=\"_wpcf7_version\" value=\"6.1.2\" \/><input type=\"hidden\" name=\"_wpcf7_locale\" value=\"de_DE\" \/><input type=\"hidden\" name=\"_wpcf7_unit_tag\" value=\"wpcf7-f358-o1\" \/><input type=\"hidden\" name=\"_wpcf7_container_post\" value=\"0\" \/><input type=\"hidden\" name=\"_wpcf7_posted_data_hash\" value=\"\" \/><input type=\"hidden\" name=\"_wpcf7_recaptcha_response\" value=\"\" \/>\n<\/fieldset>\n<p>Ihr Name (Pflichtfeld)\n<\/p>\n<p><span class=\"wpcf7-form-control-wrap\" data-name=\"your-name\"><input size=\"40\" maxlength=\"400\" class=\"wpcf7-form-control wpcf7-text wpcf7-validates-as-required\" aria-required=\"true\" aria-invalid=\"false\" value=\"\" type=\"text\" name=\"your-name\" \/><\/span>\n<\/p>\n<p>Ihre E-Mail-Adresse (Pflichtfeld)\n<\/p>\n<p><span class=\"wpcf7-form-control-wrap\" data-name=\"your-email\"><input size=\"40\" maxlength=\"400\" class=\"wpcf7-form-control wpcf7-email wpcf7-validates-as-required wpcf7-text wpcf7-validates-as-email\" aria-required=\"true\" aria-invalid=\"false\" value=\"\" type=\"email\" name=\"your-email\" \/><\/span>\n<\/p>\n<p>Ihre Rufnummer (Falls Sie angerufen werden wollen)\n<\/p>\n<p><span class=\"wpcf7-form-control-wrap\" data-name=\"your-phone\"><input size=\"40\" maxlength=\"400\" class=\"wpcf7-form-control wpcf7-tel wpcf7-text wpcf7-validates-as-tel\" aria-invalid=\"false\" value=\"\" type=\"tel\" name=\"your-phone\" \/><\/span>\n<\/p>\n<p>Ihre Nachricht\n<\/p>\n<p><span class=\"wpcf7-form-control-wrap\" data-name=\"your-message\"><textarea cols=\"40\" rows=\"10\" maxlength=\"2000\" class=\"wpcf7-form-control wpcf7-textarea\" aria-invalid=\"false\" name=\"your-message\"><\/textarea><\/span>\n<\/p>\n<p><input class=\"wpcf7-form-control wpcf7-submit has-spinner\" type=\"submit\" value=\"Senden\" \/>\n<\/p><p style=\"display: none !important;\" class=\"akismet-fields-container\" data-prefix=\"_wpcf7_ak_\"><label>&#916;<textarea name=\"_wpcf7_ak_hp_textarea\" cols=\"45\" rows=\"8\" maxlength=\"100\"><\/textarea><\/label><input type=\"hidden\" id=\"ak_js_1\" name=\"_wpcf7_ak_js\" value=\"189\"\/><script>document.getElementById( \"ak_js_1\" ).setAttribute( \"value\", ( new Date() ).getTime() );<\/script><\/p><div class=\"wpcf7-response-output\" aria-hidden=\"true\"><\/div>\n<\/form>\n<\/div>\n\n","protected":false},"excerpt":{"rendered":"<div class=\"mh-excerpt\"><p>Vi\u0161e informacija o na\u0161em uspe\u0161nom Stonoteniski klub, ima telefon ili putem po\u0161te. +++ Stoni tenis Be\u010d: TTC Olimpijski !!! +++ The TTC Olimpijskog stoni tenis <a class=\"mh-excerpt-more\" href=\"https:\/\/www.ttc-olympic.at\/index.php\/neulinge-de\/prezentacija-srpski\/\" title=\"Prezentacija (srpski)\">[&#8230;]<\/a><\/p>\n<\/div>","protected":false},"author":1,"featured_media":0,"parent":262,"menu_order":0,"comment_status":"closed","ping_status":"closed","template":"","meta":{"_sitemap_exclude":false,"_sitemap_priority":"","_sitemap_frequency":"","footnotes":""},"class_list":["post-352","page","type-page","status-publish","hentry"],"_links":{"self":[{"href":"https:\/\/www.ttc-olympic.at\/index.php\/wp-json\/wp\/v2\/pages\/352","targetHints":{"allow":["GET"]}}],"collection":[{"href":"https:\/\/www.ttc-olympic.at\/index.php\/wp-json\/wp\/v2\/pages"}],"about":[{"href":"https:\/\/www.ttc-olympic.at\/index.php\/wp-json\/wp\/v2\/types\/page"}],"author":[{"embeddable":true,"href":"https:\/\/www.ttc-olympic.at\/index.php\/wp-json\/wp\/v2\/users\/1"}],"replies":[{"embeddable":true,"href":"https:\/\/www.ttc-olympic.at\/index.php\/wp-json\/wp\/v2\/comments?post=352"}],"version-history":[{"count":13,"href":"https:\/\/www.ttc-olympic.at\/index.php\/wp-json\/wp\/v2\/pages\/352\/revisions"}],"predecessor-version":[{"id":3335,"href":"https:\/\/www.ttc-olympic.at\/index.php\/wp-json\/wp\/v2\/pages\/352\/revisions\/3335"}],"up":[{"embeddable":true,"href":"https:\/\/www.ttc-olympic.at\/index.php\/wp-json\/wp\/v2\/pages\/262"}],"wp:attachment":[{"href":"https:\/\/www.ttc-olympic.at\/index.php\/wp-json\/wp\/v2\/media?parent=352"}],"curies":[{"name":"wp","href":"https:\/\/api.w.org\/{rel}","templated":true}]}}