{"id":339,"date":"2016-07-07T13:53:34","date_gmt":"2016-07-07T11:53:34","guid":{"rendered":"http:\/\/195.34.138.28\/?page_id=339"},"modified":"2025-02-01T16:15:08","modified_gmt":"2025-02-01T15:15:08","slug":"prezentacia-klubu-slovensky","status":"publish","type":"page","link":"https:\/\/www.ttc-olympic.at\/index.php\/neulinge-de\/prezentacia-klubu-slovensky\/","title":{"rendered":"Prezent\u00e1cia klubu (Slovensky)"},"content":{"rendered":"<p lang=\"sk-SK\" align=\"center\">Bli\u017e\u0161ie inform\u00e1cie o na\u0161om \u00faspe\u0161nom stolnotenisovom klube , V\u00e1m radi poskytneme telefonicky alebo emailom<\/p>\n<p lang=\"sk-SK\" align=\"center\">+++Stoln\u00fd tenis Viede\u0148: TTC Olympic !!! +++<\/p>\n<p lang=\"sk-SK\" align=\"center\"><img loading=\"lazy\" decoding=\"async\" class=\"aligncenter size-full wp-image-446\" src=\"https:\/\/www.ttc-olympic.at\/wp-content\/uploads\/2016\/07\/slovakia.png\" alt=\"slovakia\" width=\"75\" height=\"50\" \/><\/p>\n<p lang=\"sk-SK\" align=\"center\"><strong>TTC OLYMPIC je viedensk\u00fd stolnotenisov\u00fd klub s dlhoro\u010dnou trad\u00edciou<\/strong><br \/>\n<strong> V na\u0161om klube s\u00fa zast\u00fapen\u00fd hr\u00e1\u010di v\u0161etk\u00fdch hr\u00e1\u010dskych \u00farovn\u00ed a vekov\u00fdch kateg\u00f3ri\u00ed.<\/strong><br \/>\n<strong> V TTC Olympic m\u00e1me viacero dru\u017estiev zlo\u017een\u00fdch z profesion\u00e1lnych aj amat\u00e9rskych hr\u00e1\u010dov<\/strong><\/p>\n<p lang=\"sk-SK\">Ako klub sme ve\u013emi hrd\u00fd, \u017ee vychov\u00e1vame mlad\u00fdch talentovan\u00fdch hr\u00e1\u010dov ale tie\u017e mno\u017estvo seniorov, ktor\u00ed tr\u00e9nuj\u00fa v na\u0161ich pekn\u00fdch \u0161portov\u00fdch hal\u00e1ch.<\/p>\n<p lang=\"sk-SK\">Dlh\u00e9 roky sme mali mo\u017enos\u0165 hra\u0165 v\u0161etky s\u00fa\u0165a\u017ee Bundesligy , a dve sez\u00f3ny aj d\u00e1msku superligu (2001\/02 a 2002\/03). Dokonca na\u0161i hr\u00e1\u010di z TTC Olympic Viede\u0148 z\u00edskali 2 zlat\u00e9 medaily v ml\u00e1de\u017en\u00edckych kateg\u00f3ri\u00e1ch Majstrovstiev Eur\u00f3py!<\/p>\n<p lang=\"sk-SK\">\u010clenom n\u00e1\u0161ho klubu s\u00fa k dispoz\u00edcii 3 ve\u013emi pekn\u00e9 \u0161portov\u00e9 haly vo viacer\u00fdch viedensk\u00fdch obvodoch so spolu 30 stolmi pre stoln\u00fd tenis.<\/p>\n<p lang=\"sk-SK\">Pre bli\u017e\u0161ie inform\u00e1cie o na\u0161om klube, pros\u00edm pou\u017eite nasleduj\u00faci formul\u00e1r. Na va\u0161e ot\u00e1zky V\u00e1m ve\u013emi r\u00e1d odpovie jeden z na\u0161ich slovensky hovoriacich \u010dlenov.<\/p>\n<p lang=\"sk-SK\">\n<div class=\"wpcf7 no-js\" id=\"wpcf7-f328-o1\" lang=\"de-DE\" dir=\"ltr\" data-wpcf7-id=\"328\">\n<div class=\"screen-reader-response\"><p role=\"status\" aria-live=\"polite\" aria-atomic=\"true\"><\/p> <ul><\/ul><\/div>\n<form action=\"\/index.php\/wp-json\/wp\/v2\/pages\/339#wpcf7-f328-o1\" method=\"post\" class=\"wpcf7-form init\" aria-label=\"Kontaktformular\" novalidate=\"novalidate\" data-status=\"init\">\n<fieldset class=\"hidden-fields-container\"><input type=\"hidden\" name=\"_wpcf7\" value=\"328\" \/><input type=\"hidden\" name=\"_wpcf7_version\" value=\"6.1.2\" \/><input type=\"hidden\" name=\"_wpcf7_locale\" value=\"de_DE\" \/><input type=\"hidden\" name=\"_wpcf7_unit_tag\" value=\"wpcf7-f328-o1\" \/><input type=\"hidden\" name=\"_wpcf7_container_post\" value=\"0\" \/><input type=\"hidden\" name=\"_wpcf7_posted_data_hash\" value=\"\" \/><input type=\"hidden\" name=\"_wpcf7_recaptcha_response\" value=\"\" \/>\n<\/fieldset>\n<p>Va\u0161e meno (Povinn\u00fd \u00fadaj)\n<\/p>\n<p><span class=\"wpcf7-form-control-wrap\" data-name=\"your-name\"><input size=\"40\" maxlength=\"400\" class=\"wpcf7-form-control wpcf7-text wpcf7-validates-as-required\" aria-required=\"true\" aria-invalid=\"false\" value=\"\" type=\"text\" name=\"your-name\" \/><\/span>\n<\/p>\n<p>Va\u0161a e-mailov\u00e1 adresa ( Povinn\u00fd \u00fadaj)\n<\/p>\n<p><span class=\"wpcf7-form-control-wrap\" data-name=\"your-email\"><input size=\"40\" maxlength=\"400\" class=\"wpcf7-form-control wpcf7-email wpcf7-validates-as-required wpcf7-text wpcf7-validates-as-email\" aria-required=\"true\" aria-invalid=\"false\" value=\"\" type=\"email\" name=\"your-email\" \/><\/span>\n<\/p>\n<p>Va\u0161e telef\u00f3nne \u010d\u00edslo (V pr\u00edpade ak chcete aby sme V\u00e1m zavolali)\n<\/p>\n<p><span class=\"wpcf7-form-control-wrap\" data-name=\"your-phone\"><input size=\"40\" maxlength=\"400\" class=\"wpcf7-form-control wpcf7-tel wpcf7-text wpcf7-validates-as-tel\" aria-invalid=\"false\" value=\"\" type=\"tel\" name=\"your-phone\" \/><\/span>\n<\/p>\n<p>Va\u0161a spr\u00e1va\n<\/p>\n<p><span class=\"wpcf7-form-control-wrap\" data-name=\"your-message\"><textarea cols=\"40\" rows=\"10\" maxlength=\"2000\" class=\"wpcf7-form-control wpcf7-textarea\" aria-invalid=\"false\" name=\"your-message\"><\/textarea><\/span>\n<\/p>\n<p><input class=\"wpcf7-form-control wpcf7-submit has-spinner\" type=\"submit\" value=\"ODOSLA\u0164\" \/>\n<\/p><p style=\"display: none !important;\" class=\"akismet-fields-container\" data-prefix=\"_wpcf7_ak_\"><label>&#916;<textarea name=\"_wpcf7_ak_hp_textarea\" cols=\"45\" rows=\"8\" maxlength=\"100\"><\/textarea><\/label><input type=\"hidden\" id=\"ak_js_1\" name=\"_wpcf7_ak_js\" value=\"199\"\/><script>document.getElementById( \"ak_js_1\" ).setAttribute( \"value\", ( new Date() ).getTime() );<\/script><\/p><div class=\"wpcf7-response-output\" aria-hidden=\"true\"><\/div>\n<\/form>\n<\/div>\n<\/p>\n","protected":false},"excerpt":{"rendered":"<div class=\"mh-excerpt\"><p>Bli\u017e\u0161ie inform\u00e1cie o na\u0161om \u00faspe\u0161nom stolnotenisovom klube , V\u00e1m radi poskytneme telefonicky alebo emailom +++Stoln\u00fd tenis Viede\u0148: TTC Olympic !!! +++ TTC OLYMPIC je viedensk\u00fd <a class=\"mh-excerpt-more\" href=\"https:\/\/www.ttc-olympic.at\/index.php\/neulinge-de\/prezentacia-klubu-slovensky\/\" title=\"Prezent\u00e1cia klubu (Slovensky)\">[&#8230;]<\/a><\/p>\n<\/div>","protected":false},"author":1,"featured_media":0,"parent":262,"menu_order":0,"comment_status":"closed","ping_status":"closed","template":"","meta":{"_sitemap_exclude":false,"_sitemap_priority":"","_sitemap_frequency":"","footnotes":""},"class_list":["post-339","page","type-page","status-publish","hentry"],"_links":{"self":[{"href":"https:\/\/www.ttc-olympic.at\/index.php\/wp-json\/wp\/v2\/pages\/339","targetHints":{"allow":["GET"]}}],"collection":[{"href":"https:\/\/www.ttc-olympic.at\/index.php\/wp-json\/wp\/v2\/pages"}],"about":[{"href":"https:\/\/www.ttc-olympic.at\/index.php\/wp-json\/wp\/v2\/types\/page"}],"author":[{"embeddable":true,"href":"https:\/\/www.ttc-olympic.at\/index.php\/wp-json\/wp\/v2\/users\/1"}],"replies":[{"embeddable":true,"href":"https:\/\/www.ttc-olympic.at\/index.php\/wp-json\/wp\/v2\/comments?post=339"}],"version-history":[{"count":10,"href":"https:\/\/www.ttc-olympic.at\/index.php\/wp-json\/wp\/v2\/pages\/339\/revisions"}],"predecessor-version":[{"id":3334,"href":"https:\/\/www.ttc-olympic.at\/index.php\/wp-json\/wp\/v2\/pages\/339\/revisions\/3334"}],"up":[{"embeddable":true,"href":"https:\/\/www.ttc-olympic.at\/index.php\/wp-json\/wp\/v2\/pages\/262"}],"wp:attachment":[{"href":"https:\/\/www.ttc-olympic.at\/index.php\/wp-json\/wp\/v2\/media?parent=339"}],"curies":[{"name":"wp","href":"https:\/\/api.w.org\/{rel}","templated":true}]}}