{"id":266,"date":"2016-07-04T17:51:45","date_gmt":"2016-07-04T15:51:45","guid":{"rendered":"http:\/\/195.34.138.28\/?page_id=266"},"modified":"2025-02-01T16:14:59","modified_gmt":"2025-02-01T15:14:59","slug":"neuling-fr","status":"publish","type":"page","link":"https:\/\/www.ttc-olympic.at\/index.php\/neulinge-de\/neuling-fr\/","title":{"rendered":"Pr\u00e9sentation"},"content":{"rendered":"<p style=\"text-align: center;\">+++ Tennis de table Vienne, Autriche : TTC Olympic !!! +++<\/p>\n<p style=\"text-align: center;\"><img loading=\"lazy\" decoding=\"async\" class=\"aligncenter size-full wp-image-442\" src=\"https:\/\/www.ttc-olympic.at\/wp-content\/uploads\/2016\/07\/france.png\" alt=\"france\" width=\"75\" height=\"50\" \/><\/p>\n<p style=\"text-align: center;\"><strong>Le TTC- Olympic est un club viennois ouvert \u00e0 tous, des plus jeunes aux plus \u00e2g\u00e9s.<br \/>\nNotre club accueille des joueurs de toutes les cat\u00e9gories d&#8217;\u00e2ges et de tous les niveaux de jeu.<br \/>\nAu TTC-Olympic, le tennis de table de haut niveau et le tennis de table de loisir sont tous deux repr\u00e9sent\u00e9s, avec \u00e0 chaque fois plusieurs \u00e9quipes engag\u00e9es dans des championnats de diff\u00e9rents niveaux.<\/strong><\/p>\n<p style=\"text-align: center;\">Nous avons des joueurs et des joueuses de toutes les classes d&#8217;\u00e2ge. Naturellement, nous nous r\u00e9jouissons de compter parmi nous beaucoup de jeunes joueurs, mais de nombreux seniors pratiquent \u00e9galement le tennis de table dans nos salles d&#8217;entra\u00eenement.<\/p>\n<p style=\"text-align: center;\">Nos joueurs ont pu jouer\u00a0dans divers championnats nationaux durant plusieurs ann\u00e9es, et m\u00eame deux saisons (2001-2002 et 2002-2003)\u00a0 en championnat international f\u00e9minin (Damen-Superliga). Les joueurs et joueuses du TTC-Olympic ont en outre d\u00e9j\u00e0 remport\u00e9 deux m\u00e9dailles d&#8217;or aux championnats europ\u00e9ens juniors !<\/p>\n<p style=\"text-align: center;\">Notre association dispose en tout d&#8217;environ 30 tables de jeu r\u00e9parties dans trois tr\u00e8s belles salles de sport situ\u00e9es dans diff\u00e9rents arrondissements de Vienne.<\/p>\n<p style=\"text-align: center;\">Contactez-nous \u00e0 l&#8217;aide du formulaire ci-dessous pour obtenir plus d&#8217;informations sur notre club. Votre demande sera envoy\u00e9e \u00e0 l&#8217;un de nos membres francophones qui pourra vous r\u00e9pondre. Laissez votre num\u00e9ro de t\u00e9l\u00e9phone si vous souhaitez \u00eatre rappel\u00e9.<\/p>\n<p style=\"text-align: center;\">\n<div class=\"wpcf7 no-js\" id=\"wpcf7-f290-o1\" lang=\"de-DE\" dir=\"ltr\" data-wpcf7-id=\"290\">\n<div class=\"screen-reader-response\"><p role=\"status\" aria-live=\"polite\" aria-atomic=\"true\"><\/p> <ul><\/ul><\/div>\n<form action=\"\/index.php\/wp-json\/wp\/v2\/pages\/266#wpcf7-f290-o1\" method=\"post\" class=\"wpcf7-form init\" aria-label=\"Kontaktformular\" novalidate=\"novalidate\" data-status=\"init\">\n<fieldset class=\"hidden-fields-container\"><input type=\"hidden\" name=\"_wpcf7\" value=\"290\" \/><input type=\"hidden\" name=\"_wpcf7_version\" value=\"6.1.2\" \/><input type=\"hidden\" name=\"_wpcf7_locale\" value=\"de_DE\" \/><input type=\"hidden\" name=\"_wpcf7_unit_tag\" value=\"wpcf7-f290-o1\" \/><input type=\"hidden\" name=\"_wpcf7_container_post\" value=\"0\" \/><input type=\"hidden\" name=\"_wpcf7_posted_data_hash\" value=\"\" \/><input type=\"hidden\" name=\"_wpcf7_recaptcha_response\" value=\"\" \/>\n<\/fieldset>\n<p>Votre nom (requis)\n<\/p>\n<p><span class=\"wpcf7-form-control-wrap\" data-name=\"your-name\"><input size=\"40\" maxlength=\"400\" class=\"wpcf7-form-control wpcf7-text wpcf7-validates-as-required\" aria-required=\"true\" aria-invalid=\"false\" value=\"\" type=\"text\" name=\"your-name\" \/><\/span>\n<\/p>\n<p>Votre adresse mail (requise)\n<\/p>\n<p><span class=\"wpcf7-form-control-wrap\" data-name=\"your-email\"><input size=\"40\" maxlength=\"400\" class=\"wpcf7-form-control wpcf7-email wpcf7-validates-as-required wpcf7-text wpcf7-validates-as-email\" aria-required=\"true\" aria-invalid=\"false\" value=\"\" type=\"email\" name=\"your-email\" \/><\/span>\n<\/p>\n<p>Votre num\u00e9ro de t\u00e9l\u00e9phone (si vous souhaitez \u00eatre recontact\u00e9)\n<\/p>\n<p><span class=\"wpcf7-form-control-wrap\" data-name=\"your-phone\"><input size=\"40\" maxlength=\"400\" class=\"wpcf7-form-control wpcf7-tel wpcf7-text wpcf7-validates-as-tel\" aria-invalid=\"false\" value=\"\" type=\"tel\" name=\"your-phone\" \/><\/span>\n<\/p>\n<p>Votre message\n<\/p>\n<p><span class=\"wpcf7-form-control-wrap\" data-name=\"your-message\"><textarea cols=\"40\" rows=\"10\" maxlength=\"2000\" class=\"wpcf7-form-control wpcf7-textarea\" aria-invalid=\"false\" name=\"your-message\"><\/textarea><\/span>\n<\/p>\n<p><input class=\"wpcf7-form-control wpcf7-submit has-spinner\" type=\"submit\" value=\"Envoyer\" \/>\n<\/p><p style=\"display: none !important;\" class=\"akismet-fields-container\" data-prefix=\"_wpcf7_ak_\"><label>&#916;<textarea name=\"_wpcf7_ak_hp_textarea\" cols=\"45\" rows=\"8\" maxlength=\"100\"><\/textarea><\/label><input type=\"hidden\" id=\"ak_js_1\" name=\"_wpcf7_ak_js\" value=\"90\"\/><script>document.getElementById( \"ak_js_1\" ).setAttribute( \"value\", ( new Date() ).getTime() );<\/script><\/p><div class=\"wpcf7-response-output\" aria-hidden=\"true\"><\/div>\n<\/form>\n<\/div>\n<\/p>\n","protected":false},"excerpt":{"rendered":"<div class=\"mh-excerpt\"><p>+++ Tennis de table Vienne, Autriche : TTC Olympic !!! +++ Le TTC- Olympic est un club viennois ouvert \u00e0 tous, des plus jeunes aux <a class=\"mh-excerpt-more\" href=\"https:\/\/www.ttc-olympic.at\/index.php\/neulinge-de\/neuling-fr\/\" title=\"Pr\u00e9sentation\">[&#8230;]<\/a><\/p>\n<\/div>","protected":false},"author":1,"featured_media":0,"parent":262,"menu_order":0,"comment_status":"closed","ping_status":"closed","template":"","meta":{"_sitemap_exclude":false,"_sitemap_priority":"","_sitemap_frequency":"","footnotes":""},"class_list":["post-266","page","type-page","status-publish","hentry"],"_links":{"self":[{"href":"https:\/\/www.ttc-olympic.at\/index.php\/wp-json\/wp\/v2\/pages\/266","targetHints":{"allow":["GET"]}}],"collection":[{"href":"https:\/\/www.ttc-olympic.at\/index.php\/wp-json\/wp\/v2\/pages"}],"about":[{"href":"https:\/\/www.ttc-olympic.at\/index.php\/wp-json\/wp\/v2\/types\/page"}],"author":[{"embeddable":true,"href":"https:\/\/www.ttc-olympic.at\/index.php\/wp-json\/wp\/v2\/users\/1"}],"replies":[{"embeddable":true,"href":"https:\/\/www.ttc-olympic.at\/index.php\/wp-json\/wp\/v2\/comments?post=266"}],"version-history":[{"count":16,"href":"https:\/\/www.ttc-olympic.at\/index.php\/wp-json\/wp\/v2\/pages\/266\/revisions"}],"predecessor-version":[{"id":3333,"href":"https:\/\/www.ttc-olympic.at\/index.php\/wp-json\/wp\/v2\/pages\/266\/revisions\/3333"}],"up":[{"embeddable":true,"href":"https:\/\/www.ttc-olympic.at\/index.php\/wp-json\/wp\/v2\/pages\/262"}],"wp:attachment":[{"href":"https:\/\/www.ttc-olympic.at\/index.php\/wp-json\/wp\/v2\/media?parent=266"}],"curies":[{"name":"wp","href":"https:\/\/api.w.org\/{rel}","templated":true}]}}