{"id":262,"date":"2016-07-04T11:45:16","date_gmt":"2016-07-04T09:45:16","guid":{"rendered":"http:\/\/195.34.138.28\/?page_id=262"},"modified":"2023-01-19T02:55:27","modified_gmt":"2023-01-19T01:55:27","slug":"neulinge-de","status":"publish","type":"page","link":"https:\/\/www.ttc-olympic.at\/index.php\/neulinge-de\/","title":{"rendered":"Vorstellung"},"content":{"rendered":"<p style=\"text-align: center;\">N\u00e4here Infos zu unserem erfolgreichem Tischtennis- Verein, gibt es telefonisch bzw. per mail.<\/p>\n<p style=\"text-align: center;\">+++Tischtennis Wien: TTC Olympic !!! +++<\/p>\n<p style=\"text-align: center;\"><strong>Der Tischtennisclub TTC OLYMPIC ist ein Tischtennisverein in Wien f\u00fcr jung und alt.<\/strong><br \/>\n<strong> Spieler aller Alterklassen und Spielst\u00e4rken sind in unserem Verein, und haben (gro\u00dfteils viel) Spa\u00df an der Aus\u00fcbung des Tischtennissports.<\/strong><br \/>\n<strong> Beim TTC Olympic ist Tischtennis- Spitzensport ebenso vertreten, wie auch Tischtennis- Hobbysport mit jeweils zahlreichen Mannschaften.<\/strong><\/p>\n<p>Unter unseren Mitgliedern finden sich \u00fcbrigens Spieler\/innen aller Altersklassen. Erfreulicherweise sind bei uns- schon traditionell- viele Tischtennis- Nachwuchsspieler, aber auch z.B.zahlreiche Senioren \u00fcben den Tischtennissport in unseren sch\u00f6nen Tischtennis- Sporthallen aus.<\/p>\n<p>\u00dcbrigens konnten wir mehrere Jahre in verschiedenen Bundesligen, und 2 Saisonen sogar in der internationalen Damen-Superliga (2001\/02 und auch 2002\/03) spielen. Au\u00dferdem konnten Spieler\/innen des TTC Olympic auch schon 2 GOLD- Medaillen bei Jugend- Europameisterschaften gewinnen!<\/p>\n<p>Insgesamt stehen unserem Verein 3 verschiedene- sehr sch\u00f6ne Sporthallen, mit insgesamt etwa 30 Tischtennistischen zur Verf\u00fcgung.<\/p>\n<p>F\u00fcr eventuelle Fragen, ersuchen wir das nachstehende Formular auszuf\u00fcllen.<\/p>\n\n<div class=\"wpcf7 no-js\" id=\"wpcf7-f282-o1\" lang=\"de-DE\" dir=\"ltr\" data-wpcf7-id=\"282\">\n<div class=\"screen-reader-response\"><p role=\"status\" aria-live=\"polite\" aria-atomic=\"true\"><\/p> <ul><\/ul><\/div>\n<form action=\"\/index.php\/wp-json\/wp\/v2\/pages\/262#wpcf7-f282-o1\" method=\"post\" class=\"wpcf7-form init\" aria-label=\"Kontaktformular\" novalidate=\"novalidate\" data-status=\"init\">\n<fieldset class=\"hidden-fields-container\"><input type=\"hidden\" name=\"_wpcf7\" value=\"282\" \/><input type=\"hidden\" name=\"_wpcf7_version\" value=\"6.1.2\" \/><input type=\"hidden\" name=\"_wpcf7_locale\" value=\"de_DE\" \/><input type=\"hidden\" name=\"_wpcf7_unit_tag\" value=\"wpcf7-f282-o1\" \/><input type=\"hidden\" name=\"_wpcf7_container_post\" value=\"0\" \/><input type=\"hidden\" name=\"_wpcf7_posted_data_hash\" value=\"\" \/><input type=\"hidden\" name=\"_wpcf7_recaptcha_response\" value=\"\" \/>\n<\/fieldset>\n<p>Ihr Name (Pflichtfeld)\n<\/p>\n<p><span class=\"wpcf7-form-control-wrap\" data-name=\"your-name\"><input size=\"40\" maxlength=\"400\" class=\"wpcf7-form-control wpcf7-text wpcf7-validates-as-required\" aria-required=\"true\" aria-invalid=\"false\" value=\"\" type=\"text\" name=\"your-name\" \/><\/span>\n<\/p>\n<p>Ihre E-Mail-Adresse (Pflichtfeld)\n<\/p>\n<p><span class=\"wpcf7-form-control-wrap\" data-name=\"your-email\"><input size=\"40\" maxlength=\"400\" class=\"wpcf7-form-control wpcf7-email wpcf7-validates-as-required wpcf7-text wpcf7-validates-as-email\" aria-required=\"true\" aria-invalid=\"false\" value=\"\" type=\"email\" name=\"your-email\" \/><\/span>\n<\/p>\n<p>Ihre Rufnummer (Falls Sie angerufen werden wollen)\n<\/p>\n<p><span class=\"wpcf7-form-control-wrap\" data-name=\"your-phone\"><input size=\"40\" maxlength=\"400\" class=\"wpcf7-form-control wpcf7-tel wpcf7-text wpcf7-validates-as-tel\" aria-invalid=\"false\" value=\"\" type=\"tel\" name=\"your-phone\" \/><\/span>\n<\/p>\n<p>Ihre Nachricht\n<\/p>\n<p><span class=\"wpcf7-form-control-wrap\" data-name=\"your-message\"><textarea cols=\"40\" rows=\"10\" maxlength=\"2000\" class=\"wpcf7-form-control wpcf7-textarea\" aria-invalid=\"false\" name=\"your-message\"><\/textarea><\/span>\n<\/p>\n<p><input class=\"wpcf7-form-control wpcf7-submit has-spinner\" type=\"submit\" value=\"Senden\" \/>\n<\/p><p style=\"display: none !important;\" class=\"akismet-fields-container\" data-prefix=\"_wpcf7_ak_\"><label>&#916;<textarea name=\"_wpcf7_ak_hp_textarea\" cols=\"45\" rows=\"8\" maxlength=\"100\"><\/textarea><\/label><input type=\"hidden\" id=\"ak_js_1\" name=\"_wpcf7_ak_js\" value=\"95\"\/><script>document.getElementById( \"ak_js_1\" ).setAttribute( \"value\", ( new Date() ).getTime() );<\/script><\/p><div class=\"wpcf7-response-output\" aria-hidden=\"true\"><\/div>\n<\/form>\n<\/div>\n\n<p>&nbsp;<\/p>\n","protected":false},"excerpt":{"rendered":"<div class=\"mh-excerpt\"><p>N\u00e4here Infos zu unserem erfolgreichem Tischtennis- Verein, gibt es telefonisch bzw. per mail. +++Tischtennis Wien: TTC Olympic !!! +++ Der Tischtennisclub TTC OLYMPIC ist ein <a class=\"mh-excerpt-more\" href=\"https:\/\/www.ttc-olympic.at\/index.php\/neulinge-de\/\" title=\"Vorstellung\">[&#8230;]<\/a><\/p>\n<\/div>","protected":false},"author":1,"featured_media":0,"parent":0,"menu_order":0,"comment_status":"closed","ping_status":"closed","template":"","meta":{"_sitemap_exclude":false,"_sitemap_priority":"","_sitemap_frequency":"","footnotes":""},"class_list":["post-262","page","type-page","status-publish","hentry"],"_links":{"self":[{"href":"https:\/\/www.ttc-olympic.at\/index.php\/wp-json\/wp\/v2\/pages\/262","targetHints":{"allow":["GET"]}}],"collection":[{"href":"https:\/\/www.ttc-olympic.at\/index.php\/wp-json\/wp\/v2\/pages"}],"about":[{"href":"https:\/\/www.ttc-olympic.at\/index.php\/wp-json\/wp\/v2\/types\/page"}],"author":[{"embeddable":true,"href":"https:\/\/www.ttc-olympic.at\/index.php\/wp-json\/wp\/v2\/users\/1"}],"replies":[{"embeddable":true,"href":"https:\/\/www.ttc-olympic.at\/index.php\/wp-json\/wp\/v2\/comments?post=262"}],"version-history":[{"count":19,"href":"https:\/\/www.ttc-olympic.at\/index.php\/wp-json\/wp\/v2\/pages\/262\/revisions"}],"predecessor-version":[{"id":2129,"href":"https:\/\/www.ttc-olympic.at\/index.php\/wp-json\/wp\/v2\/pages\/262\/revisions\/2129"}],"wp:attachment":[{"href":"https:\/\/www.ttc-olympic.at\/index.php\/wp-json\/wp\/v2\/media?parent=262"}],"curies":[{"name":"wp","href":"https:\/\/api.w.org\/{rel}","templated":true}]}}