{"id":147,"date":"2016-06-27T22:44:58","date_gmt":"2016-06-27T20:44:58","guid":{"rendered":"http:\/\/195.34.138.28\/?page_id=147"},"modified":"2016-06-27T23:00:20","modified_gmt":"2016-06-27T21:00:20","slug":"copyright","status":"publish","type":"page","link":"https:\/\/www.ttc-olympic.at\/index.php\/ueber-uns\/copyright\/","title":{"rendered":"Copyright"},"content":{"rendered":"<p style=\"text-align: center;\"><strong>S\u00e4mtliche Inhalte dieser Website sind urheberrechtlich gesch\u00fctzt.<\/strong><\/p>\n<p style=\"text-align: center;\"><strong>\u00a9 TTC OLYMPIC<\/strong><\/p>\n<p style=\"text-align: center;\"><strong>Alle Rechte vorbehalten.<\/strong><\/p>\n<p style=\"text-align: center;\">Wir m\u00f6chten ausdr\u00fccklich betonen, dass wir keinerlei Einflu\u00df auf die Gestaltung und die Inhalte der gelinkten Seiten haben.<\/p>\n<p style=\"text-align: center;\">Deshalb distanzieren wir uns hiermit ausdr\u00fccklich von allen Inhalten aller gelinkten Fremd-Seiten auf dieser Homepage und machen uns ihre Inhalte nicht zueigen.<\/p>\n<p style=\"text-align: center;\">Diese Erkl\u00e4rung gilt f\u00fcr alle auf unserer Website angebrachten Links.<\/p>\n","protected":false},"excerpt":{"rendered":"<div class=\"mh-excerpt\"><p>S\u00e4mtliche Inhalte dieser Website sind urheberrechtlich gesch\u00fctzt. \u00a9 TTC OLYMPIC Alle Rechte vorbehalten. Wir m\u00f6chten ausdr\u00fccklich betonen, dass wir keinerlei Einflu\u00df auf die Gestaltung und <a class=\"mh-excerpt-more\" href=\"https:\/\/www.ttc-olympic.at\/index.php\/ueber-uns\/copyright\/\" title=\"Copyright\">[&#8230;]<\/a><\/p>\n<\/div>","protected":false},"author":1,"featured_media":0,"parent":183,"menu_order":0,"comment_status":"closed","ping_status":"closed","template":"","meta":{"_sitemap_exclude":false,"_sitemap_priority":"","_sitemap_frequency":"","footnotes":""},"class_list":["post-147","page","type-page","status-publish","hentry"],"_links":{"self":[{"href":"https:\/\/www.ttc-olympic.at\/index.php\/wp-json\/wp\/v2\/pages\/147","targetHints":{"allow":["GET"]}}],"collection":[{"href":"https:\/\/www.ttc-olympic.at\/index.php\/wp-json\/wp\/v2\/pages"}],"about":[{"href":"https:\/\/www.ttc-olympic.at\/index.php\/wp-json\/wp\/v2\/types\/page"}],"author":[{"embeddable":true,"href":"https:\/\/www.ttc-olympic.at\/index.php\/wp-json\/wp\/v2\/users\/1"}],"replies":[{"embeddable":true,"href":"https:\/\/www.ttc-olympic.at\/index.php\/wp-json\/wp\/v2\/comments?post=147"}],"version-history":[{"count":2,"href":"https:\/\/www.ttc-olympic.at\/index.php\/wp-json\/wp\/v2\/pages\/147\/revisions"}],"predecessor-version":[{"id":149,"href":"https:\/\/www.ttc-olympic.at\/index.php\/wp-json\/wp\/v2\/pages\/147\/revisions\/149"}],"up":[{"embeddable":true,"href":"https:\/\/www.ttc-olympic.at\/index.php\/wp-json\/wp\/v2\/pages\/183"}],"wp:attachment":[{"href":"https:\/\/www.ttc-olympic.at\/index.php\/wp-json\/wp\/v2\/media?parent=147"}],"curies":[{"name":"wp","href":"https:\/\/api.w.org\/{rel}","templated":true}]}}